{"id":28,"date":"2025-07-29T08:47:31","date_gmt":"2025-07-29T08:47:31","guid":{"rendered":"https:\/\/rattanwholesaler.com\/?page_id=28"},"modified":"2025-09-10T18:37:21","modified_gmt":"2025-09-10T18:37:21","slug":"warum-uns-wahlen","status":"publish","type":"page","link":"https:\/\/rattanwholesaler.com\/de\/why-choose-us\/","title":{"rendered":"Why Choose Us"},"content":{"rendered":"<div data-elementor-type=\"wp-page\" data-elementor-id=\"28\" class=\"elementor elementor-28\" data-elementor-post-type=\"page\">\n\t\t\t\t<div class=\"elementor-element elementor-element-e60afb5 e-flex e-con-boxed e-con e-parent\" data-id=\"e60afb5\" data-element_type=\"container\" data-e-type=\"container\">\n\t\t\t\t\t<div class=\"e-con-inner\">\n\t\t\t\t<div class=\"elementor-element elementor-element-72b69655 elementor-widget elementor-widget-heading\" data-id=\"72b69655\" data-element_type=\"widget\" data-e-type=\"widget\" data-widget_type=\"heading.default\">\n\t\t\t\t\t<h2 class=\"elementor-heading-title elementor-size-default\">Warum uns w\u00e4hlen?<\/h2>\t\t\t\t<\/div>\n\t\t\t\t\t<\/div>\n\t\t\t\t<\/div>\n\t\t<div class=\"elementor-element elementor-element-599531d9 e-flex e-con-boxed e-con e-parent\" data-id=\"599531d9\" data-element_type=\"container\" data-e-type=\"container\">\n\t\t\t\t\t<div class=\"e-con-inner\">\n\t\t\t\t<div class=\"elementor-element elementor-element-7ca8e8e5 elementor-widget elementor-widget-heading\" data-id=\"7ca8e8e5\" data-element_type=\"widget\" data-e-type=\"widget\" data-widget_type=\"heading.default\">\n\t\t\t\t\t<h2 class=\"elementor-heading-title elementor-size-default\">Sie finden alle Rattan- und Korbm\u00f6belmaterialien auf rattanwholesaler.com<\/h2>\t\t\t\t<\/div>\n\t\t\t\t<div class=\"elementor-element elementor-element-39bc2494 elementor-widget elementor-widget-text-editor\" data-id=\"39bc2494\" data-element_type=\"widget\" data-e-type=\"widget\" data-widget_type=\"text-editor.default\">\n\t\t\t\t\t\t\t\t\t<p>WWW.RATTANWHOLESALER.COM geh\u00f6rt zur Baizhao Rattan Cane Webbing Factory, die sich in NanHai, Foshan, Guangdong, China befindet.<\/p><p>Nanhai ist die ber\u00fchmte Stadt f\u00fcr Rattanprodukte, 90% der Rattanprodukte in China werden von hier hergestellt.<br \/>Es gibt mehr als 100 kleine Rattanfabriken in Nanhai, alle sind sehr klein, alle stellen und exportieren alle Arten von Rattanprodukten in die ganze Welt.<\/p><p>Baizhao Rattan Cane Webbing Factory ist f\u00fchrend in der Rattan-Rohrgeflecht-Herstellung, wir stellen seit 1995 Rohre her, \u00fcber 15 Jahre. Wir exportieren unser Rattan-Rohrgeflecht in die ganze Welt und k\u00f6nnen unseren Kunden auch helfen, alle Arten von Rattanprodukten aus NanHai zu importieren.<\/p><p>Wir sind nicht nur Experten f\u00fcr Rattan-Rohrgeflecht, sondern auch Experten f\u00fcr Rattanmaterialien und Rattanm\u00f6bel. Wir haben gute Beziehungen zu allen Fabriken hier, Sie m\u00fcssen uns nur Ihre Anfrage nach Rattanmaterial mitteilen, wir k\u00f6nnen die Produkte nach Ihren W\u00fcnschen finden oder herstellen.<\/p>\t\t\t\t\t\t\t\t<\/div>\n\t\t\t\t\t<\/div>\n\t\t\t\t<\/div>\n\t\t<div class=\"elementor-element elementor-element-7b7188bb e-flex e-con-boxed e-con e-parent\" data-id=\"7b7188bb\" data-element_type=\"container\" data-e-type=\"container\">\n\t\t\t\t\t<div class=\"e-con-inner\">\n\t\t\t\t<div class=\"elementor-element elementor-element-4c67ae0a elementor-widget elementor-widget-heading\" data-id=\"4c67ae0a\" data-element_type=\"widget\" data-e-type=\"widget\" data-widget_type=\"heading.default\">\n\t\t\t\t\t<h2 class=\"elementor-heading-title elementor-size-default\">Warum haben wir WWW.RATTANWHOLESALER.COM gegr\u00fcndet? &amp; Warum w\u00e4hlen Sie uns?<\/h2>\t\t\t\t<\/div>\n\t\t\t\t<div class=\"elementor-element elementor-element-65300b92 elementor-widget elementor-widget-text-editor\" data-id=\"65300b92\" data-element_type=\"widget\" data-e-type=\"widget\" data-widget_type=\"text-editor.default\">\n\t\t\t\t\t\t\t\t\t1. Sie finden hier alle Rattan- und Korbm\u00f6belmaterialien, RATTANWHOLESALER.COM zeigt Ihnen alle Bilder oder Details der Rattan- und Korbm\u00f6belmaterialien.<br>\n2. Sie k\u00f6nnen uns kontaktieren, wenn Sie Fragen zu Rattan haben.<br>\n3. In unserem Blog erfahren Sie mehr \u00fcber das Rattan-Gesch\u00e4ft oder die Preise f\u00fcr Rattan- und Korbm\u00f6belmaterialien. Treten Sie jetzt unserer E-Mail-Liste bei.\t\t\t\t\t\t\t\t<\/div>\n\t\t\t\t\t<\/div>\n\t\t\t\t<\/div>\n\t\t<div class=\"elementor-element elementor-element-773491cc e-flex e-con-boxed e-con e-parent\" data-id=\"773491cc\" data-element_type=\"container\" data-e-type=\"container\">\n\t\t\t\t\t<div class=\"e-con-inner\">\n\t\t\t\t<div class=\"elementor-element elementor-element-4fee9cf elementor-widget elementor-widget-heading\" data-id=\"4fee9cf\" data-element_type=\"widget\" data-e-type=\"widget\" data-widget_type=\"heading.default\">\n\t\t\t\t\t<h2 class=\"elementor-heading-title elementor-size-default\">Wir liefern und exportieren auch alle Arten von Rattan- und Korbm\u00f6beln in die ganze Welt.<\/h2>\t\t\t\t<\/div>\n\t\t\t\t<div class=\"elementor-element elementor-element-462317da elementor-widget elementor-widget-text-editor\" data-id=\"462317da\" data-element_type=\"widget\" data-e-type=\"widget\" data-widget_type=\"text-editor.default\">\n\t\t\t\t\t\t\t\t\t1. Rattan- und Korbm\u00f6bel f\u00fcr den Innenbereich<br>\n2. Korbm\u00f6bel f\u00fcr den Au\u00dfenbereich<br>\n3. Seegrasm\u00f6bel<br>\n4. Rattan-Gartenm\u00f6bel f\u00fcr Ihren Garten-Wohnbereich im Freien.\t\t\t\t\t\t\t\t<\/div>\n\t\t\t\t<div class=\"elementor-element elementor-element-2de3897e elementor-widget elementor-widget-text-editor\" data-id=\"2de3897e\" data-element_type=\"widget\" data-e-type=\"widget\" data-widget_type=\"text-editor.default\">\n\t\t\t\t\t\t\t\t\t<p><a href=\"http:\/\/www.no1rattanfurniture.com\">www.no1rattanfurniture.com<\/a><\/p>\t\t\t\t\t\t\t\t<\/div>\n\t\t\t\t<div class=\"elementor-element elementor-element-33851b53 elementor-widget elementor-widget-image\" data-id=\"33851b53\" data-element_type=\"widget\" data-e-type=\"widget\" data-widget_type=\"image.default\">\n\t\t\t\t\t\t\t\t\t\t\t\t\t\t\t\t<a href=\"http:\/\/www.no1rattanfurniture.com\">\n\t\t\t\t\t\t\t<img decoding=\"async\" width=\"238\" height=\"100\" src=\"https:\/\/rattanwholesaler.com\/wp-content\/uploads\/2025\/07\/no1rattanfurniture-logo.png\" class=\"attachment-large size-large wp-image-187\" alt=\"Rattan Wholesaler,rattan cane webbing, Plastic rattan cane webbing, Rattan core, basket weaving rattan core,Rattan chair cane, Rattan peel ,rattan pole, Paper Webbing,Rattan mats,rattan cane for furniture making,,rattan cane strips for crafts,rattan peel for weaving,rattan chair cane replacement rattan peel strips,rattan pole suppliers,natural rattan mats,rattan webbing for chairs rattan chair back webbing,rattan furniture cane webbing,rattan sheets for furniture,naturl rattan webbing\" srcset=\"https:\/\/rattanwholesaler.com\/wp-content\/uploads\/2025\/07\/no1rattanfurniture-logo.png 238w, https:\/\/rattanwholesaler.com\/wp-content\/uploads\/2025\/07\/no1rattanfurniture-logo-18x8.png 18w\" sizes=\"(max-width: 238px) 100vw, 238px\" \/>\t\t\t\t\t\t\t\t<\/a>\n\t\t\t\t\t\t\t\t\t\t\t\t\t\t\t<\/div>\n\t\t\t\t\t<\/div>\n\t\t\t\t<\/div>\n\t\t\t\t<\/div>","protected":false},"excerpt":{"rendered":"<p>Why Choose Us? You can find all the Rattan and wicker Material on rattanwholesaler.com WWW.RATTANWHOLESALER.COM is beloog to the Baizhao Rattan Cane Webbing Factory which located in NanHai,Foshan Guangdong, China. Nanhai is the famous city of the rattan products, 90% the rattan products in China is made from here.There are more than 100 small rattan [&hellip;]<\/p>\n","protected":false},"author":1,"featured_media":0,"parent":0,"menu_order":0,"comment_status":"closed","ping_status":"closed","template":"","meta":{"_angie_page":false,"footnotes":""},"class_list":["post-28","page","type-page","status-publish","hentry"],"yoast_head":"<!-- This site is optimized with the Yoast SEO Premium plugin v27.0 (Yoast SEO v27.3) - https:\/\/yoast.com\/product\/yoast-seo-premium-wordpress\/ -->\n<title>Why Choose Us - Rattan Wholesaler<\/title>\n<meta name=\"description\" content=\"Rattan Wholesaler &amp; cane webbing Supplier at the best prices. Get rattan core, PVC webbing &amp; more for crafts and furniture with fast shipping and excellent service.\" \/>\n<meta name=\"robots\" content=\"index, follow, max-snippet:-1, max-image-preview:large, max-video-preview:-1\" \/>\n<link rel=\"canonical\" href=\"https:\/\/rattanwholesaler.com\/de\/warum-uns-wahlen\/\" \/>\n<meta property=\"og:locale\" content=\"de_DE\" \/>\n<meta property=\"og:type\" content=\"article\" \/>\n<meta property=\"og:title\" content=\"Why Choose Us\" \/>\n<meta property=\"og:description\" content=\"Rattan Wholesaler &amp; cane webbing Supplier at the best prices. Get rattan core, PVC webbing &amp; more for crafts and furniture with fast shipping and excellent service.\" \/>\n<meta property=\"og:url\" content=\"https:\/\/rattanwholesaler.com\/de\/warum-uns-wahlen\/\" \/>\n<meta property=\"og:site_name\" content=\"Rattan Wholesaler\" \/>\n<meta property=\"article:modified_time\" content=\"2025-09-10T18:37:21+00:00\" \/>\n<meta property=\"og:image\" content=\"https:\/\/rattanwholesaler.com\/wp-content\/uploads\/2025\/07\/no1rattanfurniture-logo.png\" \/>\n\t<meta property=\"og:image:width\" content=\"238\" \/>\n\t<meta property=\"og:image:height\" content=\"100\" \/>\n\t<meta property=\"og:image:type\" content=\"image\/png\" \/>\n<meta name=\"twitter:card\" content=\"summary_large_image\" \/>\n<meta name=\"twitter:label1\" content=\"Gesch\u00e4tzte Lesezeit\" \/>\n\t<meta name=\"twitter:data1\" content=\"2\u00a0Minuten\" \/>\n<script type=\"application\/ld+json\" class=\"yoast-schema-graph\">{\"@context\":\"https:\\\/\\\/schema.org\",\"@graph\":[{\"@type\":\"WebPage\",\"@id\":\"https:\\\/\\\/rattanwholesaler.com\\\/why-choose-us\\\/\",\"url\":\"https:\\\/\\\/rattanwholesaler.com\\\/why-choose-us\\\/\",\"name\":\"Why Choose Us - Rattan Wholesaler\",\"isPartOf\":{\"@id\":\"https:\\\/\\\/rattanwholesaler.com\\\/#website\"},\"primaryImageOfPage\":{\"@id\":\"https:\\\/\\\/rattanwholesaler.com\\\/why-choose-us\\\/#primaryimage\"},\"image\":{\"@id\":\"https:\\\/\\\/rattanwholesaler.com\\\/why-choose-us\\\/#primaryimage\"},\"thumbnailUrl\":\"https:\\\/\\\/rattanwholesaler.com\\\/wp-content\\\/uploads\\\/2025\\\/07\\\/no1rattanfurniture-logo.png\",\"datePublished\":\"2025-07-29T08:47:31+00:00\",\"dateModified\":\"2025-09-10T18:37:21+00:00\",\"description\":\"Rattan Wholesaler & cane webbing Supplier at the best prices. Get rattan core, PVC webbing & more for crafts and furniture with fast shipping and excellent service.\",\"breadcrumb\":{\"@id\":\"https:\\\/\\\/rattanwholesaler.com\\\/why-choose-us\\\/#breadcrumb\"},\"inLanguage\":\"de\",\"potentialAction\":[{\"@type\":\"ReadAction\",\"target\":[\"https:\\\/\\\/rattanwholesaler.com\\\/why-choose-us\\\/\"]}]},{\"@type\":\"ImageObject\",\"inLanguage\":\"de\",\"@id\":\"https:\\\/\\\/rattanwholesaler.com\\\/why-choose-us\\\/#primaryimage\",\"url\":\"https:\\\/\\\/rattanwholesaler.com\\\/wp-content\\\/uploads\\\/2025\\\/07\\\/no1rattanfurniture-logo.png\",\"contentUrl\":\"https:\\\/\\\/rattanwholesaler.com\\\/wp-content\\\/uploads\\\/2025\\\/07\\\/no1rattanfurniture-logo.png\"},{\"@type\":\"BreadcrumbList\",\"@id\":\"https:\\\/\\\/rattanwholesaler.com\\\/why-choose-us\\\/#breadcrumb\",\"itemListElement\":[{\"@type\":\"ListItem\",\"position\":1,\"name\":\"Home\",\"item\":\"https:\\\/\\\/rattanwholesaler.com\\\/\"},{\"@type\":\"ListItem\",\"position\":2,\"name\":\"Why Choose Us\"}]},{\"@type\":\"WebSite\",\"@id\":\"https:\\\/\\\/rattanwholesaler.com\\\/#website\",\"url\":\"https:\\\/\\\/rattanwholesaler.com\\\/\",\"name\":\"Rattan Wholesaler\",\"description\":\"Rattan Cane Webbing,PVC webbing, Rattan Core wholesaler\",\"potentialAction\":[{\"@type\":\"SearchAction\",\"target\":{\"@type\":\"EntryPoint\",\"urlTemplate\":\"https:\\\/\\\/rattanwholesaler.com\\\/?s={search_term_string}\"},\"query-input\":{\"@type\":\"PropertyValueSpecification\",\"valueRequired\":true,\"valueName\":\"search_term_string\"}}],\"inLanguage\":\"de\"}]}<\/script>\n<!-- \/ Yoast SEO Premium plugin. -->","yoast_head_json":{"title":"Warum uns w\u00e4hlen - Rattan Gro\u00dfh\u00e4ndler","description":"Rattan Wholesaler &amp; cane webbing Supplier at the best prices. Get rattan core, PVC webbing &amp; more for crafts and furniture with fast shipping and excellent service.","robots":{"index":"index","follow":"follow","max-snippet":"max-snippet:-1","max-image-preview":"max-image-preview:large","max-video-preview":"max-video-preview:-1"},"canonical":"https:\/\/rattanwholesaler.com\/de\/warum-uns-wahlen\/","og_locale":"de_DE","og_type":"article","og_title":"Why Choose Us","og_description":"Rattan Wholesaler & cane webbing Supplier at the best prices. Get rattan core, PVC webbing & more for crafts and furniture with fast shipping and excellent service.","og_url":"https:\/\/rattanwholesaler.com\/de\/warum-uns-wahlen\/","og_site_name":"Rattan Wholesaler","article_modified_time":"2025-09-10T18:37:21+00:00","og_image":[{"width":238,"height":100,"url":"https:\/\/rattanwholesaler.com\/wp-content\/uploads\/2025\/07\/no1rattanfurniture-logo.png","type":"image\/png"}],"twitter_card":"summary_large_image","twitter_misc":{"Gesch\u00e4tzte Lesezeit":"2\u00a0Minuten"},"schema":{"@context":"https:\/\/schema.org","@graph":[{"@type":"WebPage","@id":"https:\/\/rattanwholesaler.com\/why-choose-us\/","url":"https:\/\/rattanwholesaler.com\/why-choose-us\/","name":"Warum uns w\u00e4hlen - Rattan Gro\u00dfh\u00e4ndler","isPartOf":{"@id":"https:\/\/rattanwholesaler.com\/#website"},"primaryImageOfPage":{"@id":"https:\/\/rattanwholesaler.com\/why-choose-us\/#primaryimage"},"image":{"@id":"https:\/\/rattanwholesaler.com\/why-choose-us\/#primaryimage"},"thumbnailUrl":"https:\/\/rattanwholesaler.com\/wp-content\/uploads\/2025\/07\/no1rattanfurniture-logo.png","datePublished":"2025-07-29T08:47:31+00:00","dateModified":"2025-09-10T18:37:21+00:00","description":"Rattan Wholesaler &amp; cane webbing Supplier at the best prices. Get rattan core, PVC webbing &amp; more for crafts and furniture with fast shipping and excellent service.","breadcrumb":{"@id":"https:\/\/rattanwholesaler.com\/why-choose-us\/#breadcrumb"},"inLanguage":"de","potentialAction":[{"@type":"ReadAction","target":["https:\/\/rattanwholesaler.com\/why-choose-us\/"]}]},{"@type":"ImageObject","inLanguage":"de","@id":"https:\/\/rattanwholesaler.com\/why-choose-us\/#primaryimage","url":"https:\/\/rattanwholesaler.com\/wp-content\/uploads\/2025\/07\/no1rattanfurniture-logo.png","contentUrl":"https:\/\/rattanwholesaler.com\/wp-content\/uploads\/2025\/07\/no1rattanfurniture-logo.png"},{"@type":"BreadcrumbList","@id":"https:\/\/rattanwholesaler.com\/why-choose-us\/#breadcrumb","itemListElement":[{"@type":"ListItem","position":1,"name":"Home","item":"https:\/\/rattanwholesaler.com\/"},{"@type":"ListItem","position":2,"name":"Why Choose Us"}]},{"@type":"WebSite","@id":"https:\/\/rattanwholesaler.com\/#website","url":"https:\/\/rattanwholesaler.com\/","name":"Rattan Wholesaler","description":"Rattan Cane Webbing,PVC webbing, Rattan Core wholesaler","potentialAction":[{"@type":"SearchAction","target":{"@type":"EntryPoint","urlTemplate":"https:\/\/rattanwholesaler.com\/?s={search_term_string}"},"query-input":{"@type":"PropertyValueSpecification","valueRequired":true,"valueName":"search_term_string"}}],"inLanguage":"de"}]}},"_hostinger_reach_plugin_has_subscription_block":false,"_hostinger_reach_plugin_is_elementor":false,"_links":{"self":[{"href":"https:\/\/rattanwholesaler.com\/de\/wp-json\/wp\/v2\/pages\/28","targetHints":{"allow":["GET"]}}],"collection":[{"href":"https:\/\/rattanwholesaler.com\/de\/wp-json\/wp\/v2\/pages"}],"about":[{"href":"https:\/\/rattanwholesaler.com\/de\/wp-json\/wp\/v2\/types\/page"}],"author":[{"embeddable":true,"href":"https:\/\/rattanwholesaler.com\/de\/wp-json\/wp\/v2\/users\/1"}],"replies":[{"embeddable":true,"href":"https:\/\/rattanwholesaler.com\/de\/wp-json\/wp\/v2\/comments?post=28"}],"version-history":[{"count":2,"href":"https:\/\/rattanwholesaler.com\/de\/wp-json\/wp\/v2\/pages\/28\/revisions"}],"predecessor-version":[{"id":7150,"href":"https:\/\/rattanwholesaler.com\/de\/wp-json\/wp\/v2\/pages\/28\/revisions\/7150"}],"wp:attachment":[{"href":"https:\/\/rattanwholesaler.com\/de\/wp-json\/wp\/v2\/media?parent=28"}],"curies":[{"name":"wp","href":"https:\/\/api.w.org\/{rel}","templated":true}]}}