{"id":28,"date":"2025-07-29T08:47:31","date_gmt":"2025-07-29T08:47:31","guid":{"rendered":"https:\/\/rattanwholesaler.com\/?page_id=28"},"modified":"2025-09-10T18:37:21","modified_gmt":"2025-09-10T18:37:21","slug":"por-que-elegirnos","status":"publish","type":"page","link":"https:\/\/rattanwholesaler.com\/es\/why-choose-us\/","title":{"rendered":"Por qu\u00e9 elegirnos"},"content":{"rendered":"<div data-elementor-type=\"wp-page\" data-elementor-id=\"28\" class=\"elementor elementor-28\" data-elementor-post-type=\"page\">\n\t\t\t\t<div class=\"elementor-element elementor-element-e60afb5 e-flex e-con-boxed e-con e-parent\" data-id=\"e60afb5\" data-element_type=\"container\" data-e-type=\"container\">\n\t\t\t\t\t<div class=\"e-con-inner\">\n\t\t\t\t<div class=\"elementor-element elementor-element-72b69655 elementor-widget elementor-widget-heading\" data-id=\"72b69655\" data-element_type=\"widget\" data-e-type=\"widget\" data-widget_type=\"heading.default\">\n\t\t\t\t\t<h2 class=\"elementor-heading-title elementor-size-default\">\u00bfPor qu\u00e9 elegirnos?<\/h2>\t\t\t\t<\/div>\n\t\t\t\t\t<\/div>\n\t\t\t\t<\/div>\n\t\t<div class=\"elementor-element elementor-element-599531d9 e-flex e-con-boxed e-con e-parent\" data-id=\"599531d9\" data-element_type=\"container\" data-e-type=\"container\">\n\t\t\t\t\t<div class=\"e-con-inner\">\n\t\t\t\t<div class=\"elementor-element elementor-element-7ca8e8e5 elementor-widget elementor-widget-heading\" data-id=\"7ca8e8e5\" data-element_type=\"widget\" data-e-type=\"widget\" data-widget_type=\"heading.default\">\n\t\t\t\t\t<h2 class=\"elementor-heading-title elementor-size-default\">Puede encontrar todo el material de rat\u00e1n y mimbre en rattanwholesaler.com<\/h2>\t\t\t\t<\/div>\n\t\t\t\t<div class=\"elementor-element elementor-element-39bc2494 elementor-widget elementor-widget-text-editor\" data-id=\"39bc2494\" data-element_type=\"widget\" data-e-type=\"widget\" data-widget_type=\"text-editor.default\">\n\t\t\t\t\t\t\t\t\t<p>WWW.RATTANWHOLESALER.COM pertenece a la f\u00e1brica Baizhao Rattan Cane Webbing, ubicada en NanHai, Foshan, Guangdong, China.<\/p><p>Nanhai es la famosa ciudad de los productos de rat\u00e1n, el 90% de los productos de rat\u00e1n en China se fabrica aqu\u00ed.<br \/>Hay m\u00e1s de 100 peque\u00f1as f\u00e1bricas de rat\u00e1n en Nanhai, todas son muy peque\u00f1as, todas fabrican y exportan todo tipo de productos de rat\u00e1n a todo el mundo.<\/p><p>La f\u00e1brica Baizhao Rattan Cane Webbing es l\u00edder en la fabricaci\u00f3n de correas de rat\u00e1n y ca\u00f1a, fabricamos correas desde 1995, m\u00e1s de 15 a\u00f1os. Exportamos nuestras correas de rat\u00e1n a todo el mundo, tambi\u00e9n podemos ayudar a nuestros clientes a importar todo tipo de productos de rat\u00e1n de NanHai.<\/p><p>No solo somos expertos en correas de rat\u00e1n y ca\u00f1a, sino tambi\u00e9n en material de rat\u00e1n y muebles de rat\u00e1n. Tenemos una buena relaci\u00f3n con todas las f\u00e1bricas de aqu\u00ed, solo tiene que decirnos su solicitud de material de rat\u00e1n, podemos encontrar o fabricar los productos seg\u00fan su solicitud.<\/p>\t\t\t\t\t\t\t\t<\/div>\n\t\t\t\t\t<\/div>\n\t\t\t\t<\/div>\n\t\t<div class=\"elementor-element elementor-element-7b7188bb e-flex e-con-boxed e-con e-parent\" data-id=\"7b7188bb\" data-element_type=\"container\" data-e-type=\"container\">\n\t\t\t\t\t<div class=\"e-con-inner\">\n\t\t\t\t<div class=\"elementor-element elementor-element-4c67ae0a elementor-widget elementor-widget-heading\" data-id=\"4c67ae0a\" data-element_type=\"widget\" data-e-type=\"widget\" data-widget_type=\"heading.default\">\n\t\t\t\t\t<h2 class=\"elementor-heading-title elementor-size-default\">\u00bfPor qu\u00e9 creamos WWW.RATTANWHOLESALER.COM? \u00bfY por qu\u00e9 nos elige?<\/h2>\t\t\t\t<\/div>\n\t\t\t\t<div class=\"elementor-element elementor-element-65300b92 elementor-widget elementor-widget-text-editor\" data-id=\"65300b92\" data-element_type=\"widget\" data-e-type=\"widget\" data-widget_type=\"text-editor.default\">\n\t\t\t\t\t\t\t\t\t1. Puede encontrar todo el material de rat\u00e1n y mimbre aqu\u00ed, RATTANWHOLESALER.COM le mostrar\u00e1 todas las im\u00e1genes o detalles del material de rat\u00e1n y mimbre.<br>\n2. Puede contactarnos si tiene alguna pregunta sobre el rat\u00e1n.<br>\n3. Puede aprender m\u00e1s sobre el negocio del rat\u00e1n o el precio del material de rat\u00e1n y mimbre en nuestro blog. \u00danase a nuestra lista de correo ahora.\t\t\t\t\t\t\t\t<\/div>\n\t\t\t\t\t<\/div>\n\t\t\t\t<\/div>\n\t\t<div class=\"elementor-element elementor-element-773491cc e-flex e-con-boxed e-con e-parent\" data-id=\"773491cc\" data-element_type=\"container\" data-e-type=\"container\">\n\t\t\t\t\t<div class=\"e-con-inner\">\n\t\t\t\t<div class=\"elementor-element elementor-element-4fee9cf elementor-widget elementor-widget-heading\" data-id=\"4fee9cf\" data-element_type=\"widget\" data-e-type=\"widget\" data-widget_type=\"heading.default\">\n\t\t\t\t\t<h2 class=\"elementor-heading-title elementor-size-default\">Tambi\u00e9n suministramos y exportamos todo tipo de muebles de rat\u00e1n y mimbre a todo el mundo.<\/h2>\t\t\t\t<\/div>\n\t\t\t\t<div class=\"elementor-element elementor-element-462317da elementor-widget elementor-widget-text-editor\" data-id=\"462317da\" data-element_type=\"widget\" data-e-type=\"widget\" data-widget_type=\"text-editor.default\">\n\t\t\t\t\t\t\t\t\t1. Muebles de interior de rat\u00e1n y mimbre<br>\n2. Muebles de exterior de mimbre<br>\n3. Muebles de algas marinas<br>\n4. Muebles de rat\u00e1n de jard\u00edn para su espacio de vida exterior.\t\t\t\t\t\t\t\t<\/div>\n\t\t\t\t<div class=\"elementor-element elementor-element-2de3897e elementor-widget elementor-widget-text-editor\" data-id=\"2de3897e\" data-element_type=\"widget\" data-e-type=\"widget\" data-widget_type=\"text-editor.default\">\n\t\t\t\t\t\t\t\t\t<p><a href=\"http:\/\/www.no1rattanfurniture.com\">www.no1rattanfurniture.com<\/a><\/p>\t\t\t\t\t\t\t\t<\/div>\n\t\t\t\t<div class=\"elementor-element elementor-element-33851b53 elementor-widget elementor-widget-image\" data-id=\"33851b53\" data-element_type=\"widget\" data-e-type=\"widget\" data-widget_type=\"image.default\">\n\t\t\t\t\t\t\t\t\t\t\t\t\t\t\t\t<a href=\"http:\/\/www.no1rattanfurniture.com\">\n\t\t\t\t\t\t\t<img decoding=\"async\" width=\"238\" height=\"100\" src=\"https:\/\/rattanwholesaler.com\/wp-content\/uploads\/2025\/07\/no1rattanfurniture-logo.png\" class=\"attachment-large size-large wp-image-187\" alt=\"Mayorista de rat\u00e1n, malla de rat\u00e1n, malla de rat\u00e1n de pl\u00e1stico, alma de rat\u00e1n, alma de rat\u00e1n para cester\u00eda, ca\u00f1a de rat\u00e1n para silla, corteza de rat\u00e1n, ca\u00f1a de rat\u00e1n, malla de papel, esteras de rat\u00e1n, ca\u00f1a de rat\u00e1n para fabricaci\u00f3n de muebles, tiras de ca\u00f1a de rat\u00e1n para manualidades, corteza de rat\u00e1n para tejer, corteza de rat\u00e1n para reemplazo de ca\u00f1a de silla de rat\u00e1n, proveedores de ca\u00f1a de rat\u00e1n, esteras de rat\u00e1n natural, malla de rat\u00e1n para sillas, malla de ca\u00f1a para respaldo de silla de rat\u00e1n, malla de ca\u00f1a para muebles de rat\u00e1n, l\u00e1minas de rat\u00e1n para muebles, malla de rat\u00e1n natural\" srcset=\"https:\/\/rattanwholesaler.com\/wp-content\/uploads\/2025\/07\/no1rattanfurniture-logo.png 238w, https:\/\/rattanwholesaler.com\/wp-content\/uploads\/2025\/07\/no1rattanfurniture-logo-18x8.png 18w\" sizes=\"(max-width: 238px) 100vw, 238px\" \/>\t\t\t\t\t\t\t\t<\/a>\n\t\t\t\t\t\t\t\t\t\t\t\t\t\t\t<\/div>\n\t\t\t\t\t<\/div>\n\t\t\t\t<\/div>\n\t\t\t\t<\/div>","protected":false},"excerpt":{"rendered":"<p>Why Choose Us? You can find all the Rattan and wicker Material on rattanwholesaler.com WWW.RATTANWHOLESALER.COM is beloog to the Baizhao Rattan Cane Webbing Factory which located in NanHai,Foshan Guangdong, China. Nanhai is the famous city of the rattan products, 90% the rattan products in China is made from here.There are more than 100 small rattan [&hellip;]<\/p>\n","protected":false},"author":1,"featured_media":0,"parent":0,"menu_order":0,"comment_status":"closed","ping_status":"closed","template":"","meta":{"_angie_page":false,"footnotes":""},"class_list":["post-28","page","type-page","status-publish","hentry"],"yoast_head":"<!-- This site is optimized with the Yoast SEO Premium plugin v27.0 (Yoast SEO v27.3) - https:\/\/yoast.com\/product\/yoast-seo-premium-wordpress\/ -->\n<title>Why Choose Us - Rattan Wholesaler<\/title>\n<meta name=\"description\" content=\"Rattan Wholesaler &amp; cane webbing Supplier at the best prices. Get rattan core, PVC webbing &amp; more for crafts and furniture with fast shipping and excellent service.\" \/>\n<meta name=\"robots\" content=\"index, follow, max-snippet:-1, max-image-preview:large, max-video-preview:-1\" \/>\n<link rel=\"canonical\" href=\"https:\/\/rattanwholesaler.com\/es\/por-que-elegirnos\/\" \/>\n<meta property=\"og:locale\" content=\"es_MX\" \/>\n<meta property=\"og:type\" content=\"article\" \/>\n<meta property=\"og:title\" content=\"Why Choose Us\" \/>\n<meta property=\"og:description\" content=\"Rattan Wholesaler &amp; cane webbing Supplier at the best prices. Get rattan core, PVC webbing &amp; more for crafts and furniture with fast shipping and excellent service.\" \/>\n<meta property=\"og:url\" content=\"https:\/\/rattanwholesaler.com\/es\/por-que-elegirnos\/\" \/>\n<meta property=\"og:site_name\" content=\"Rattan Wholesaler\" \/>\n<meta property=\"article:modified_time\" content=\"2025-09-10T18:37:21+00:00\" \/>\n<meta property=\"og:image\" content=\"https:\/\/rattanwholesaler.com\/wp-content\/uploads\/2025\/07\/no1rattanfurniture-logo.png\" \/>\n\t<meta property=\"og:image:width\" content=\"238\" \/>\n\t<meta property=\"og:image:height\" content=\"100\" \/>\n\t<meta property=\"og:image:type\" content=\"image\/png\" \/>\n<meta name=\"twitter:card\" content=\"summary_large_image\" \/>\n<meta name=\"twitter:label1\" content=\"Tiempo de lectura\" \/>\n\t<meta name=\"twitter:data1\" content=\"2 minutos\" \/>\n<script type=\"application\/ld+json\" class=\"yoast-schema-graph\">{\"@context\":\"https:\\\/\\\/schema.org\",\"@graph\":[{\"@type\":\"WebPage\",\"@id\":\"https:\\\/\\\/rattanwholesaler.com\\\/why-choose-us\\\/\",\"url\":\"https:\\\/\\\/rattanwholesaler.com\\\/why-choose-us\\\/\",\"name\":\"Why Choose Us - Rattan Wholesaler\",\"isPartOf\":{\"@id\":\"https:\\\/\\\/rattanwholesaler.com\\\/#website\"},\"primaryImageOfPage\":{\"@id\":\"https:\\\/\\\/rattanwholesaler.com\\\/why-choose-us\\\/#primaryimage\"},\"image\":{\"@id\":\"https:\\\/\\\/rattanwholesaler.com\\\/why-choose-us\\\/#primaryimage\"},\"thumbnailUrl\":\"https:\\\/\\\/rattanwholesaler.com\\\/wp-content\\\/uploads\\\/2025\\\/07\\\/no1rattanfurniture-logo.png\",\"datePublished\":\"2025-07-29T08:47:31+00:00\",\"dateModified\":\"2025-09-10T18:37:21+00:00\",\"description\":\"Rattan Wholesaler & cane webbing Supplier at the best prices. Get rattan core, PVC webbing & more for crafts and furniture with fast shipping and excellent service.\",\"breadcrumb\":{\"@id\":\"https:\\\/\\\/rattanwholesaler.com\\\/why-choose-us\\\/#breadcrumb\"},\"inLanguage\":\"es\",\"potentialAction\":[{\"@type\":\"ReadAction\",\"target\":[\"https:\\\/\\\/rattanwholesaler.com\\\/why-choose-us\\\/\"]}]},{\"@type\":\"ImageObject\",\"inLanguage\":\"es\",\"@id\":\"https:\\\/\\\/rattanwholesaler.com\\\/why-choose-us\\\/#primaryimage\",\"url\":\"https:\\\/\\\/rattanwholesaler.com\\\/wp-content\\\/uploads\\\/2025\\\/07\\\/no1rattanfurniture-logo.png\",\"contentUrl\":\"https:\\\/\\\/rattanwholesaler.com\\\/wp-content\\\/uploads\\\/2025\\\/07\\\/no1rattanfurniture-logo.png\"},{\"@type\":\"BreadcrumbList\",\"@id\":\"https:\\\/\\\/rattanwholesaler.com\\\/why-choose-us\\\/#breadcrumb\",\"itemListElement\":[{\"@type\":\"ListItem\",\"position\":1,\"name\":\"Home\",\"item\":\"https:\\\/\\\/rattanwholesaler.com\\\/\"},{\"@type\":\"ListItem\",\"position\":2,\"name\":\"Why Choose Us\"}]},{\"@type\":\"WebSite\",\"@id\":\"https:\\\/\\\/rattanwholesaler.com\\\/#website\",\"url\":\"https:\\\/\\\/rattanwholesaler.com\\\/\",\"name\":\"Rattan Wholesaler\",\"description\":\"Rattan Cane Webbing,PVC webbing, Rattan Core wholesaler\",\"potentialAction\":[{\"@type\":\"SearchAction\",\"target\":{\"@type\":\"EntryPoint\",\"urlTemplate\":\"https:\\\/\\\/rattanwholesaler.com\\\/?s={search_term_string}\"},\"query-input\":{\"@type\":\"PropertyValueSpecification\",\"valueRequired\":true,\"valueName\":\"search_term_string\"}}],\"inLanguage\":\"es\"}]}<\/script>\n<!-- \/ Yoast SEO Premium plugin. -->","yoast_head_json":{"title":"Por qu\u00e9 elegirnos - Mayorista de rat\u00e1n","description":"Mayorista de rat\u00e1n y proveedor de tejido de ca\u00f1a a los mejores precios. Obtenga m\u00e9dula de rat\u00e1n, tejido de PVC y m\u00e1s para manualidades y muebles con env\u00edo r\u00e1pido y excelente servicio.","robots":{"index":"index","follow":"follow","max-snippet":"max-snippet:-1","max-image-preview":"max-image-preview:large","max-video-preview":"max-video-preview:-1"},"canonical":"https:\/\/rattanwholesaler.com\/es\/por-que-elegirnos\/","og_locale":"es_MX","og_type":"article","og_title":"Why Choose Us","og_description":"Rattan Wholesaler & cane webbing Supplier at the best prices. Get rattan core, PVC webbing & more for crafts and furniture with fast shipping and excellent service.","og_url":"https:\/\/rattanwholesaler.com\/es\/por-que-elegirnos\/","og_site_name":"Rattan Wholesaler","article_modified_time":"2025-09-10T18:37:21+00:00","og_image":[{"width":238,"height":100,"url":"https:\/\/rattanwholesaler.com\/wp-content\/uploads\/2025\/07\/no1rattanfurniture-logo.png","type":"image\/png"}],"twitter_card":"summary_large_image","twitter_misc":{"Tiempo de lectura":"2 minutos"},"schema":{"@context":"https:\/\/schema.org","@graph":[{"@type":"WebPage","@id":"https:\/\/rattanwholesaler.com\/why-choose-us\/","url":"https:\/\/rattanwholesaler.com\/why-choose-us\/","name":"Por qu\u00e9 elegirnos - Mayorista de rat\u00e1n","isPartOf":{"@id":"https:\/\/rattanwholesaler.com\/#website"},"primaryImageOfPage":{"@id":"https:\/\/rattanwholesaler.com\/why-choose-us\/#primaryimage"},"image":{"@id":"https:\/\/rattanwholesaler.com\/why-choose-us\/#primaryimage"},"thumbnailUrl":"https:\/\/rattanwholesaler.com\/wp-content\/uploads\/2025\/07\/no1rattanfurniture-logo.png","datePublished":"2025-07-29T08:47:31+00:00","dateModified":"2025-09-10T18:37:21+00:00","description":"Mayorista de rat\u00e1n y proveedor de tejido de ca\u00f1a a los mejores precios. Obtenga m\u00e9dula de rat\u00e1n, tejido de PVC y m\u00e1s para manualidades y muebles con env\u00edo r\u00e1pido y excelente servicio.","breadcrumb":{"@id":"https:\/\/rattanwholesaler.com\/why-choose-us\/#breadcrumb"},"inLanguage":"es","potentialAction":[{"@type":"ReadAction","target":["https:\/\/rattanwholesaler.com\/why-choose-us\/"]}]},{"@type":"ImageObject","inLanguage":"es","@id":"https:\/\/rattanwholesaler.com\/why-choose-us\/#primaryimage","url":"https:\/\/rattanwholesaler.com\/wp-content\/uploads\/2025\/07\/no1rattanfurniture-logo.png","contentUrl":"https:\/\/rattanwholesaler.com\/wp-content\/uploads\/2025\/07\/no1rattanfurniture-logo.png"},{"@type":"BreadcrumbList","@id":"https:\/\/rattanwholesaler.com\/why-choose-us\/#breadcrumb","itemListElement":[{"@type":"ListItem","position":1,"name":"Home","item":"https:\/\/rattanwholesaler.com\/"},{"@type":"ListItem","position":2,"name":"Why Choose Us"}]},{"@type":"WebSite","@id":"https:\/\/rattanwholesaler.com\/#website","url":"https:\/\/rattanwholesaler.com\/","name":"Mayorista de rat\u00e1n","description":"Mimbre de rat\u00e1n, cincha de PVC, mayorista de m\u00e9dula de rat\u00e1n","potentialAction":[{"@type":"SearchAction","target":{"@type":"EntryPoint","urlTemplate":"https:\/\/rattanwholesaler.com\/?s={search_term_string}"},"query-input":{"@type":"PropertyValueSpecification","valueRequired":true,"valueName":"search_term_string"}}],"inLanguage":"es"}]}},"_hostinger_reach_plugin_has_subscription_block":false,"_hostinger_reach_plugin_is_elementor":false,"_links":{"self":[{"href":"https:\/\/rattanwholesaler.com\/es\/wp-json\/wp\/v2\/pages\/28","targetHints":{"allow":["GET"]}}],"collection":[{"href":"https:\/\/rattanwholesaler.com\/es\/wp-json\/wp\/v2\/pages"}],"about":[{"href":"https:\/\/rattanwholesaler.com\/es\/wp-json\/wp\/v2\/types\/page"}],"author":[{"embeddable":true,"href":"https:\/\/rattanwholesaler.com\/es\/wp-json\/wp\/v2\/users\/1"}],"replies":[{"embeddable":true,"href":"https:\/\/rattanwholesaler.com\/es\/wp-json\/wp\/v2\/comments?post=28"}],"version-history":[{"count":2,"href":"https:\/\/rattanwholesaler.com\/es\/wp-json\/wp\/v2\/pages\/28\/revisions"}],"predecessor-version":[{"id":7150,"href":"https:\/\/rattanwholesaler.com\/es\/wp-json\/wp\/v2\/pages\/28\/revisions\/7150"}],"wp:attachment":[{"href":"https:\/\/rattanwholesaler.com\/es\/wp-json\/wp\/v2\/media?parent=28"}],"curies":[{"name":"wp","href":"https:\/\/api.w.org\/{rel}","templated":true}]}}