{"id":28,"date":"2025-07-29T08:47:31","date_gmt":"2025-07-29T08:47:31","guid":{"rendered":"https:\/\/rattanwholesaler.com\/?page_id=28"},"modified":"2025-09-10T18:37:21","modified_gmt":"2025-09-10T18:37:21","slug":"pourquoi-nous-choisir","status":"publish","type":"page","link":"https:\/\/rattanwholesaler.com\/fr\/why-choose-us\/","title":{"rendered":"Pourquoi nous choisir"},"content":{"rendered":"<div data-elementor-type=\"wp-page\" data-elementor-id=\"28\" class=\"elementor elementor-28\" data-elementor-post-type=\"page\">\n\t\t\t\t<div class=\"elementor-element elementor-element-e60afb5 e-flex e-con-boxed e-con e-parent\" data-id=\"e60afb5\" data-element_type=\"container\" data-e-type=\"container\">\n\t\t\t\t\t<div class=\"e-con-inner\">\n\t\t\t\t<div class=\"elementor-element elementor-element-72b69655 elementor-widget elementor-widget-heading\" data-id=\"72b69655\" data-element_type=\"widget\" data-e-type=\"widget\" data-widget_type=\"heading.default\">\n\t\t\t\t\t<h2 class=\"elementor-heading-title elementor-size-default\">Pourquoi nous choisir ?<\/h2>\t\t\t\t<\/div>\n\t\t\t\t\t<\/div>\n\t\t\t\t<\/div>\n\t\t<div class=\"elementor-element elementor-element-599531d9 e-flex e-con-boxed e-con e-parent\" data-id=\"599531d9\" data-element_type=\"container\" data-e-type=\"container\">\n\t\t\t\t\t<div class=\"e-con-inner\">\n\t\t\t\t<div class=\"elementor-element elementor-element-7ca8e8e5 elementor-widget elementor-widget-heading\" data-id=\"7ca8e8e5\" data-element_type=\"widget\" data-e-type=\"widget\" data-widget_type=\"heading.default\">\n\t\t\t\t\t<h2 class=\"elementor-heading-title elementor-size-default\">Vous pouvez trouver tous les mat\u00e9riaux en rotin et en osier sur rattanwholesaler.com<\/h2>\t\t\t\t<\/div>\n\t\t\t\t<div class=\"elementor-element elementor-element-39bc2494 elementor-widget elementor-widget-text-editor\" data-id=\"39bc2494\" data-element_type=\"widget\" data-e-type=\"widget\" data-widget_type=\"text-editor.default\">\n\t\t\t\t\t\t\t\t\t<p>WWW.RATTANWHOLESALER.COM appartient \u00e0 l'usine Baizhao Rattan Cane Webbing, situ\u00e9e \u00e0 NanHai, Foshan, Guangdong, Chine.<\/p><p>Nanhai est la ville c\u00e9l\u00e8bre pour les produits en rotin, 90% des produits en rotin en Chine sont fabriqu\u00e9s ici.<br \/>Il y a plus de 100 petites usines de rotin \u00e0 Nanhai, toutes tr\u00e8s petites, toutes fabriquent et exportent toutes sortes de produits en rotin dans le monde entier.<\/p><p>L'usine Baizhao Rattan Cane Webbing est un leader dans le domaine du rotin et de l'osier, nous fabriquons du tressage depuis 1995, soit plus de 15 ans. Nous exportons notre tressage en rotin dans le monde entier, et nous pouvons \u00e9galement aider nos clients \u00e0 importer toutes sortes de produits en rotin de NanHai.<\/p><p>Nous ne sommes pas seulement des experts en tressage de rotin et d'osier, mais aussi des experts en mat\u00e9riaux et meubles en rotin. Nous avons de bonnes relations avec toutes les usines ici, il vous suffit de nous indiquer votre demande de mat\u00e9riaux en rotin, nous pouvons trouver ou fabriquer les produits selon votre demande.<\/p>\t\t\t\t\t\t\t\t<\/div>\n\t\t\t\t\t<\/div>\n\t\t\t\t<\/div>\n\t\t<div class=\"elementor-element elementor-element-7b7188bb e-flex e-con-boxed e-con e-parent\" data-id=\"7b7188bb\" data-element_type=\"container\" data-e-type=\"container\">\n\t\t\t\t\t<div class=\"e-con-inner\">\n\t\t\t\t<div class=\"elementor-element elementor-element-4c67ae0a elementor-widget elementor-widget-heading\" data-id=\"4c67ae0a\" data-element_type=\"widget\" data-e-type=\"widget\" data-widget_type=\"heading.default\">\n\t\t\t\t\t<h2 class=\"elementor-heading-title elementor-size-default\">Pourquoi avons-nous cr\u00e9\u00e9 WWW.RATTANWHOLESALER.COM ? Et pourquoi nous choisir ?<\/h2>\t\t\t\t<\/div>\n\t\t\t\t<div class=\"elementor-element elementor-element-65300b92 elementor-widget elementor-widget-text-editor\" data-id=\"65300b92\" data-element_type=\"widget\" data-e-type=\"widget\" data-widget_type=\"text-editor.default\">\n\t\t\t\t\t\t\t\t\t1. Vous pouvez trouver tous les mat\u00e9riaux en rotin et en osier ici, RATTANWHOLESALER.COM vous montrera toutes les images ou les d\u00e9tails des mat\u00e9riaux en rotin et en osier.<br>\n2. Vous pouvez nous contacter si vous avez des questions sur le rotin.<br>\n3. Vous pouvez en apprendre davantage sur le commerce du rotin ou sur le prix des mat\u00e9riaux en rotin et en osier sur notre blog. Inscrivez-vous d\u00e8s maintenant \u00e0 notre liste de diffusion.\t\t\t\t\t\t\t\t<\/div>\n\t\t\t\t\t<\/div>\n\t\t\t\t<\/div>\n\t\t<div class=\"elementor-element elementor-element-773491cc e-flex e-con-boxed e-con e-parent\" data-id=\"773491cc\" data-element_type=\"container\" data-e-type=\"container\">\n\t\t\t\t\t<div class=\"e-con-inner\">\n\t\t\t\t<div class=\"elementor-element elementor-element-4fee9cf elementor-widget elementor-widget-heading\" data-id=\"4fee9cf\" data-element_type=\"widget\" data-e-type=\"widget\" data-widget_type=\"heading.default\">\n\t\t\t\t\t<h2 class=\"elementor-heading-title elementor-size-default\">Nous fournissons et exportons \u00e9galement toutes sortes de meubles en rotin et en osier dans le monde entier.<\/h2>\t\t\t\t<\/div>\n\t\t\t\t<div class=\"elementor-element elementor-element-462317da elementor-widget elementor-widget-text-editor\" data-id=\"462317da\" data-element_type=\"widget\" data-e-type=\"widget\" data-widget_type=\"text-editor.default\">\n\t\t\t\t\t\t\t\t\t1. Meubles d'int\u00e9rieur en rotin et osier<br>\n2. Meubles d'ext\u00e9rieur en osier<br>\n3. Meubles en seagrass<br>\n4. Meubles de jardin en rotin pour votre espace de vie ext\u00e9rieur.\t\t\t\t\t\t\t\t<\/div>\n\t\t\t\t<div class=\"elementor-element elementor-element-2de3897e elementor-widget elementor-widget-text-editor\" data-id=\"2de3897e\" data-element_type=\"widget\" data-e-type=\"widget\" data-widget_type=\"text-editor.default\">\n\t\t\t\t\t\t\t\t\t<p><a href=\"http:\/\/www.no1rattanfurniture.com\">www.no1rattanfurniture.com<\/a><\/p>\t\t\t\t\t\t\t\t<\/div>\n\t\t\t\t<div class=\"elementor-element elementor-element-33851b53 elementor-widget elementor-widget-image\" data-id=\"33851b53\" data-element_type=\"widget\" data-e-type=\"widget\" data-widget_type=\"image.default\">\n\t\t\t\t\t\t\t\t\t\t\t\t\t\t\t\t<a href=\"http:\/\/www.no1rattanfurniture.com\">\n\t\t\t\t\t\t\t<img decoding=\"async\" width=\"238\" height=\"100\" src=\"https:\/\/rattanwholesaler.com\/wp-content\/uploads\/2025\/07\/no1rattanfurniture-logo.png\" class=\"attachment-large size-large wp-image-187\" alt=\"Grossiste en rotin, cannage en rotin, cannage en rotin plastique, \u00e2me de rotin, \u00e2me de rotin pour vannerie, cannage de rotin pour chaise, \u00e9corce de rotin, rotin, cannage en papier, nattes en rotin, rotin pour la fabrication de meubles, bandes de rotin pour l&#039;artisanat, \u00e9corce de rotin pour le tressage, \u00e9corce de rotin pour le remplacement de cannage de chaise, fournisseurs de rotin, nattes en rotin naturel, cannage en rotin pour chaises, cannage de dossier de chaise en rotin, cannage en rotin pour meubles, feuilles de rotin pour meubles, cannage en rotin naturel\" srcset=\"https:\/\/rattanwholesaler.com\/wp-content\/uploads\/2025\/07\/no1rattanfurniture-logo.png 238w, https:\/\/rattanwholesaler.com\/wp-content\/uploads\/2025\/07\/no1rattanfurniture-logo-18x8.png 18w\" sizes=\"(max-width: 238px) 100vw, 238px\" \/>\t\t\t\t\t\t\t\t<\/a>\n\t\t\t\t\t\t\t\t\t\t\t\t\t\t\t<\/div>\n\t\t\t\t\t<\/div>\n\t\t\t\t<\/div>\n\t\t\t\t<\/div>","protected":false},"excerpt":{"rendered":"<p>Why Choose Us? You can find all the Rattan and wicker Material on rattanwholesaler.com WWW.RATTANWHOLESALER.COM is beloog to the Baizhao Rattan Cane Webbing Factory which located in NanHai,Foshan Guangdong, China. Nanhai is the famous city of the rattan products, 90% the rattan products in China is made from here.There are more than 100 small rattan [&hellip;]<\/p>\n","protected":false},"author":1,"featured_media":0,"parent":0,"menu_order":0,"comment_status":"closed","ping_status":"closed","template":"","meta":{"_angie_page":false,"footnotes":""},"class_list":["post-28","page","type-page","status-publish","hentry"],"yoast_head":"<!-- This site is optimized with the Yoast SEO Premium plugin v27.0 (Yoast SEO v27.3) - https:\/\/yoast.com\/product\/yoast-seo-premium-wordpress\/ -->\n<title>Why Choose Us - Rattan Wholesaler<\/title>\n<meta name=\"description\" content=\"Rattan Wholesaler &amp; cane webbing Supplier at the best prices. Get rattan core, PVC webbing &amp; more for crafts and furniture with fast shipping and excellent service.\" \/>\n<meta name=\"robots\" content=\"index, follow, max-snippet:-1, max-image-preview:large, max-video-preview:-1\" \/>\n<link rel=\"canonical\" href=\"https:\/\/rattanwholesaler.com\/fr\/pourquoi-nous-choisir\/\" \/>\n<meta property=\"og:locale\" content=\"fr_FR\" \/>\n<meta property=\"og:type\" content=\"article\" \/>\n<meta property=\"og:title\" content=\"Why Choose Us\" \/>\n<meta property=\"og:description\" content=\"Rattan Wholesaler &amp; cane webbing Supplier at the best prices. Get rattan core, PVC webbing &amp; more for crafts and furniture with fast shipping and excellent service.\" \/>\n<meta property=\"og:url\" content=\"https:\/\/rattanwholesaler.com\/fr\/pourquoi-nous-choisir\/\" \/>\n<meta property=\"og:site_name\" content=\"Rattan Wholesaler\" \/>\n<meta property=\"article:modified_time\" content=\"2025-09-10T18:37:21+00:00\" \/>\n<meta property=\"og:image\" content=\"https:\/\/rattanwholesaler.com\/wp-content\/uploads\/2025\/07\/no1rattanfurniture-logo.png\" \/>\n\t<meta property=\"og:image:width\" content=\"238\" \/>\n\t<meta property=\"og:image:height\" content=\"100\" \/>\n\t<meta property=\"og:image:type\" content=\"image\/png\" \/>\n<meta name=\"twitter:card\" content=\"summary_large_image\" \/>\n<meta name=\"twitter:label1\" content=\"Dur\u00e9e de lecture estim\u00e9e\" \/>\n\t<meta name=\"twitter:data1\" content=\"2 minutes\" \/>\n<script type=\"application\/ld+json\" class=\"yoast-schema-graph\">{\"@context\":\"https:\\\/\\\/schema.org\",\"@graph\":[{\"@type\":\"WebPage\",\"@id\":\"https:\\\/\\\/rattanwholesaler.com\\\/why-choose-us\\\/\",\"url\":\"https:\\\/\\\/rattanwholesaler.com\\\/why-choose-us\\\/\",\"name\":\"Why Choose Us - Rattan Wholesaler\",\"isPartOf\":{\"@id\":\"https:\\\/\\\/rattanwholesaler.com\\\/#website\"},\"primaryImageOfPage\":{\"@id\":\"https:\\\/\\\/rattanwholesaler.com\\\/why-choose-us\\\/#primaryimage\"},\"image\":{\"@id\":\"https:\\\/\\\/rattanwholesaler.com\\\/why-choose-us\\\/#primaryimage\"},\"thumbnailUrl\":\"https:\\\/\\\/rattanwholesaler.com\\\/wp-content\\\/uploads\\\/2025\\\/07\\\/no1rattanfurniture-logo.png\",\"datePublished\":\"2025-07-29T08:47:31+00:00\",\"dateModified\":\"2025-09-10T18:37:21+00:00\",\"description\":\"Rattan Wholesaler & cane webbing Supplier at the best prices. Get rattan core, PVC webbing & more for crafts and furniture with fast shipping and excellent service.\",\"breadcrumb\":{\"@id\":\"https:\\\/\\\/rattanwholesaler.com\\\/why-choose-us\\\/#breadcrumb\"},\"inLanguage\":\"fr-FR\",\"potentialAction\":[{\"@type\":\"ReadAction\",\"target\":[\"https:\\\/\\\/rattanwholesaler.com\\\/why-choose-us\\\/\"]}]},{\"@type\":\"ImageObject\",\"inLanguage\":\"fr-FR\",\"@id\":\"https:\\\/\\\/rattanwholesaler.com\\\/why-choose-us\\\/#primaryimage\",\"url\":\"https:\\\/\\\/rattanwholesaler.com\\\/wp-content\\\/uploads\\\/2025\\\/07\\\/no1rattanfurniture-logo.png\",\"contentUrl\":\"https:\\\/\\\/rattanwholesaler.com\\\/wp-content\\\/uploads\\\/2025\\\/07\\\/no1rattanfurniture-logo.png\"},{\"@type\":\"BreadcrumbList\",\"@id\":\"https:\\\/\\\/rattanwholesaler.com\\\/why-choose-us\\\/#breadcrumb\",\"itemListElement\":[{\"@type\":\"ListItem\",\"position\":1,\"name\":\"Home\",\"item\":\"https:\\\/\\\/rattanwholesaler.com\\\/\"},{\"@type\":\"ListItem\",\"position\":2,\"name\":\"Why Choose Us\"}]},{\"@type\":\"WebSite\",\"@id\":\"https:\\\/\\\/rattanwholesaler.com\\\/#website\",\"url\":\"https:\\\/\\\/rattanwholesaler.com\\\/\",\"name\":\"Rattan Wholesaler\",\"description\":\"Rattan Cane Webbing,PVC webbing, Rattan Core wholesaler\",\"potentialAction\":[{\"@type\":\"SearchAction\",\"target\":{\"@type\":\"EntryPoint\",\"urlTemplate\":\"https:\\\/\\\/rattanwholesaler.com\\\/?s={search_term_string}\"},\"query-input\":{\"@type\":\"PropertyValueSpecification\",\"valueRequired\":true,\"valueName\":\"search_term_string\"}}],\"inLanguage\":\"fr-FR\"}]}<\/script>\n<!-- \/ Yoast SEO Premium plugin. -->","yoast_head_json":{"title":"Pourquoi nous choisir - Grossiste en rotin","description":"Grossiste en rotin et fournisseur de cannage aux meilleurs prix. Obtenez du rotin, du cannage PVC et plus encore pour l'artisanat et le mobilier avec une exp\u00e9dition rapide et un excellent service.","robots":{"index":"index","follow":"follow","max-snippet":"max-snippet:-1","max-image-preview":"max-image-preview:large","max-video-preview":"max-video-preview:-1"},"canonical":"https:\/\/rattanwholesaler.com\/fr\/pourquoi-nous-choisir\/","og_locale":"fr_FR","og_type":"article","og_title":"Why Choose Us","og_description":"Rattan Wholesaler & cane webbing Supplier at the best prices. Get rattan core, PVC webbing & more for crafts and furniture with fast shipping and excellent service.","og_url":"https:\/\/rattanwholesaler.com\/fr\/pourquoi-nous-choisir\/","og_site_name":"Rattan Wholesaler","article_modified_time":"2025-09-10T18:37:21+00:00","og_image":[{"width":238,"height":100,"url":"https:\/\/rattanwholesaler.com\/wp-content\/uploads\/2025\/07\/no1rattanfurniture-logo.png","type":"image\/png"}],"twitter_card":"summary_large_image","twitter_misc":{"Dur\u00e9e de lecture estim\u00e9e":"2 minutes"},"schema":{"@context":"https:\/\/schema.org","@graph":[{"@type":"WebPage","@id":"https:\/\/rattanwholesaler.com\/why-choose-us\/","url":"https:\/\/rattanwholesaler.com\/why-choose-us\/","name":"Pourquoi nous choisir - Grossiste en rotin","isPartOf":{"@id":"https:\/\/rattanwholesaler.com\/#website"},"primaryImageOfPage":{"@id":"https:\/\/rattanwholesaler.com\/why-choose-us\/#primaryimage"},"image":{"@id":"https:\/\/rattanwholesaler.com\/why-choose-us\/#primaryimage"},"thumbnailUrl":"https:\/\/rattanwholesaler.com\/wp-content\/uploads\/2025\/07\/no1rattanfurniture-logo.png","datePublished":"2025-07-29T08:47:31+00:00","dateModified":"2025-09-10T18:37:21+00:00","description":"Grossiste en rotin et fournisseur de cannage aux meilleurs prix. Obtenez du rotin, du cannage PVC et plus encore pour l'artisanat et le mobilier avec une exp\u00e9dition rapide et un excellent service.","breadcrumb":{"@id":"https:\/\/rattanwholesaler.com\/why-choose-us\/#breadcrumb"},"inLanguage":"fr-FR","potentialAction":[{"@type":"ReadAction","target":["https:\/\/rattanwholesaler.com\/why-choose-us\/"]}]},{"@type":"ImageObject","inLanguage":"fr-FR","@id":"https:\/\/rattanwholesaler.com\/why-choose-us\/#primaryimage","url":"https:\/\/rattanwholesaler.com\/wp-content\/uploads\/2025\/07\/no1rattanfurniture-logo.png","contentUrl":"https:\/\/rattanwholesaler.com\/wp-content\/uploads\/2025\/07\/no1rattanfurniture-logo.png"},{"@type":"BreadcrumbList","@id":"https:\/\/rattanwholesaler.com\/why-choose-us\/#breadcrumb","itemListElement":[{"@type":"ListItem","position":1,"name":"Home","item":"https:\/\/rattanwholesaler.com\/"},{"@type":"ListItem","position":2,"name":"Why Choose Us"}]},{"@type":"WebSite","@id":"https:\/\/rattanwholesaler.com\/#website","url":"https:\/\/rattanwholesaler.com\/","name":"Grossiste en rotin","description":"Rotin, toile de rotin, toile de PVC, grossiste en rotin","potentialAction":[{"@type":"SearchAction","target":{"@type":"EntryPoint","urlTemplate":"https:\/\/rattanwholesaler.com\/?s={search_term_string}"},"query-input":{"@type":"PropertyValueSpecification","valueRequired":true,"valueName":"search_term_string"}}],"inLanguage":"fr-FR"}]}},"_hostinger_reach_plugin_has_subscription_block":false,"_hostinger_reach_plugin_is_elementor":false,"_links":{"self":[{"href":"https:\/\/rattanwholesaler.com\/fr\/wp-json\/wp\/v2\/pages\/28","targetHints":{"allow":["GET"]}}],"collection":[{"href":"https:\/\/rattanwholesaler.com\/fr\/wp-json\/wp\/v2\/pages"}],"about":[{"href":"https:\/\/rattanwholesaler.com\/fr\/wp-json\/wp\/v2\/types\/page"}],"author":[{"embeddable":true,"href":"https:\/\/rattanwholesaler.com\/fr\/wp-json\/wp\/v2\/users\/1"}],"replies":[{"embeddable":true,"href":"https:\/\/rattanwholesaler.com\/fr\/wp-json\/wp\/v2\/comments?post=28"}],"version-history":[{"count":2,"href":"https:\/\/rattanwholesaler.com\/fr\/wp-json\/wp\/v2\/pages\/28\/revisions"}],"predecessor-version":[{"id":7150,"href":"https:\/\/rattanwholesaler.com\/fr\/wp-json\/wp\/v2\/pages\/28\/revisions\/7150"}],"wp:attachment":[{"href":"https:\/\/rattanwholesaler.com\/fr\/wp-json\/wp\/v2\/media?parent=28"}],"curies":[{"name":"wp","href":"https:\/\/api.w.org\/{rel}","templated":true}]}}